{"id":2881,"date":"2024-08-13T20:17:31","date_gmt":"2024-08-13T18:17:31","guid":{"rendered":"https:\/\/kolorowyswiat-rzeszow.pl\/squash\/?page_id=2881"},"modified":"2024-08-18T14:00:42","modified_gmt":"2024-08-18T12:00:42","slug":"polityka-prywatnosci","status":"publish","type":"page","link":"https:\/\/kolorowyswiat-rzeszow.pl\/squash\/home1\/polityka-prywatnosci\/","title":{"rendered":"POLITYKA PRYWATNO\u015aCI"},"content":{"rendered":"<section data-bb-version=\"5.0.3\" id=\"bt_bb_section69e1d0b1ae818\" class=\"bt_bb_section bt_bb_layout_boxed_1200 bt_bb_vertical_align_top bt_bb_top_spacing_large bt_bb_bottom_spacing_normal bt_bb_negative_margin_none\" style=\";background-color:rgb(34,41,99);\" data-bt-override-class=\"{&quot;bt_bb_top_spacing_&quot;:{&quot;current_class&quot;:&quot;bt_bb_top_spacing_large&quot;,&quot;def&quot;:&quot;large&quot;,&quot;lg&quot;:&quot;extra_large&quot;},&quot;bt_bb_bottom_spacing_&quot;:{&quot;current_class&quot;:&quot;bt_bb_bottom_spacing_normal&quot;,&quot;def&quot;:&quot;normal&quot;,&quot;md&quot;:&quot;none&quot;,&quot;sm&quot;:&quot;none&quot;,&quot;xs&quot;:&quot;none&quot;}}\"><div class=\"bt_bb_port\"><div class=\"bt_bb_cell\"><div class=\"bt_bb_cell_inner\"><div class=\"bt_bb_row \"  data-bt-override-class=\"{}\"><div class=\"bt_bb_row_holder\" ><div  class=\"bt_bb_column col-xxl-12 col-xl-12 col-xs-12 col-sm-12 col-md-12 col-lg-12 bt_bb_vertical_align_top bt_bb_align_center bt_bb_padding_normal bt_bb_animation_fade_in animate bt_bb_shape_inherit\" style=\"; --column-width:12;\" data-width=\"12\" data-bt-override-class=\"{&quot;bt_bb_align_&quot;:{&quot;current_class&quot;:&quot;bt_bb_align_center&quot;,&quot;def&quot;:&quot;center&quot;,&quot;xl&quot;:&quot;center&quot;},&quot;bt_bb_padding_&quot;:{&quot;current_class&quot;:&quot;bt_bb_padding_normal&quot;,&quot;def&quot;:&quot;normal&quot;,&quot;xl&quot;:&quot;normal&quot;}}\"><div class=\"bt_bb_column_content\"><div class=\"bt_bb_column_content_inner\"><div data-bb-version=\"5.0.3\" class=\"bt_bb_floating_image bt_bb_floating_image_horizontal_position_center bt_bb_floating_image_vertical_position_default bt_bb_floating_image_animation_delay_default bt_bb_floating_image_animation_duration_default bt_bb_floating_image_animation_style_ease_out bt_bb_floating_image_animation_direction_left_right\" data-speed=\"0.4\" data-direction=\"left_right\"><div class=\"bt_bb_floating_image_image\" data-speed=\"0.4\" data-direction=\"left_right\"><div class=\"bt_bb_image\" data-bt-override-class=\"{}\"><span><img decoding=\"async\" width=\"260\" height=\"40\" src=\"https:\/\/kolorowyswiat-rzeszow.pl\/squash\/wp-content\/uploads\/2024\/08\/Projekt-bez-nazwy-95.png\" class=\"attachment-full size-full\" alt=\"https:\/\/kolorowyswiat-rzeszow.pl\/squash\/wp-content\/uploads\/2024\/08\/Projekt-bez-nazwy-95.png\" data-full_image_src=\"https:\/\/kolorowyswiat-rzeszow.pl\/squash\/wp-content\/uploads\/2024\/08\/Projekt-bez-nazwy-95.png\" title=\"Projekt bez nazwy (95)\" loading=\"eager\" \/><\/span><\/div><\/div><\/div><div class=\"bt_bb_separator_v2 bt_bb_border_style_none bt_bb_color_scheme_15 bt_bb_top_spacing_none bt_bb_bottom_spacing_medium bt_bb_border_thickness_1 bt_bb_icon_size_normal bt_bb_text_size_normal bt_bb_separator_v2_without_content\" style=\"; --primary-color:var(--alternate-color); --secondary-color:var(--accent-color);\" data-bt-override-class=\"{&quot;bt_bb_top_spacing_&quot;:{&quot;current_class&quot;:&quot;bt_bb_top_spacing_none&quot;,&quot;def&quot;:&quot;none&quot;,&quot;xl&quot;:&quot;none&quot;},&quot;bt_bb_bottom_spacing_&quot;:{&quot;current_class&quot;:&quot;bt_bb_bottom_spacing_medium&quot;,&quot;def&quot;:&quot;medium&quot;,&quot;xl&quot;:&quot;medium&quot;},&quot;bt_bb_border_thickness_&quot;:{&quot;current_class&quot;:&quot;bt_bb_border_thickness_1&quot;,&quot;def&quot;:&quot;1&quot;,&quot;xl&quot;:&quot;1&quot;},&quot;bt_bb_icon_size_&quot;:{&quot;current_class&quot;:&quot;bt_bb_icon_size_normal&quot;,&quot;def&quot;:&quot;normal&quot;,&quot;xl&quot;:&quot;normal&quot;},&quot;bt_bb_text_size_&quot;:{&quot;current_class&quot;:&quot;bt_bb_text_size_normal&quot;,&quot;def&quot;:&quot;normal&quot;,&quot;xl&quot;:&quot;normal&quot;}}\"><div class=\"bt_bb_separator_v2_inner\"><span class=\"bt_bb_separator_v2_inner_before\"><\/span><span class=\"bt_bb_separator_v2_inner_content\"><span  data-ico-=\"&#x;\" class=\"bt_bb_icon_holder\"><\/span><\/span><span class=\"bt_bb_separator_v2_inner_after\"><\/span><\/div><\/div><header data-bb-version=\"5.0.3\" class=\"bt_bb_headline bt_bb_color_scheme_1 bt_bb_dash_none bt_bb_size_extralarge bt_bb_align_inherit\" style=\"; --primary-color:#ffffff; --secondary-color:#282828;\" data-bt-override-class=\"{&quot;bt_bb_size_&quot;:{&quot;current_class&quot;:&quot;bt_bb_size_extralarge&quot;,&quot;def&quot;:&quot;extralarge&quot;},&quot;bt_bb_align_&quot;:{&quot;current_class&quot;:&quot;bt_bb_align_inherit&quot;,&quot;def&quot;:&quot;inherit&quot;}}\"><h3 class=\"bt_bb_headline_tag\"><span class=\"bt_bb_headline_content\"><span>Polityka prywatno\u015bci<\/span><\/span><\/h3><\/header><div class=\"bt_bb_separator_v2 bt_bb_border_style_none bt_bb_top_spacing_none bt_bb_bottom_spacing_medium bt_bb_border_thickness_1 bt_bb_icon_size_normal bt_bb_text_size_normal bt_bb_separator_v2_without_content\" data-bt-override-class=\"{&quot;bt_bb_top_spacing_&quot;:{&quot;current_class&quot;:&quot;bt_bb_top_spacing_none&quot;,&quot;def&quot;:&quot;none&quot;,&quot;xl&quot;:&quot;none&quot;},&quot;bt_bb_bottom_spacing_&quot;:{&quot;current_class&quot;:&quot;bt_bb_bottom_spacing_medium&quot;,&quot;def&quot;:&quot;medium&quot;,&quot;xl&quot;:&quot;medium&quot;},&quot;bt_bb_border_thickness_&quot;:{&quot;current_class&quot;:&quot;bt_bb_border_thickness_1&quot;,&quot;def&quot;:&quot;1&quot;,&quot;xl&quot;:&quot;1&quot;},&quot;bt_bb_icon_size_&quot;:{&quot;current_class&quot;:&quot;bt_bb_icon_size_normal&quot;,&quot;def&quot;:&quot;normal&quot;,&quot;xl&quot;:&quot;normal&quot;},&quot;bt_bb_text_size_&quot;:{&quot;current_class&quot;:&quot;bt_bb_text_size_normal&quot;,&quot;def&quot;:&quot;normal&quot;,&quot;xl&quot;:&quot;normal&quot;}}\"><div class=\"bt_bb_separator_v2_inner\"><span class=\"bt_bb_separator_v2_inner_before\"><\/span><span class=\"bt_bb_separator_v2_inner_content\"><span  data-ico-=\"&#x;\" class=\"bt_bb_icon_holder\"><\/span><\/span><span class=\"bt_bb_separator_v2_inner_after\"><\/span><\/div><\/div><\/div><\/div><\/div><\/div><\/div><div data-bb-version=\"5.0.3\" class=\"bt_bb_row  bt_bb_shape_soft_rounded bt_bb_negative_margin_none\"  data-bt-override-class=\"{}\"><div class=\"bt_bb_row_holder\" ><div data-bb-version=\"5.0.3\"  class=\"bt_bb_column col-xxl-12 col-xl-12 col-xs-12 col-sm-12 col-md-12 col-lg-12 bt_bb_vertical_align_top bt_bb_align_center bt_bb_padding_15 bt_bb_animation_fade_in animate bt_bb_shape_soft-rounded\" style=\"background-color:rgb(255,255,255);; --column-width:12;\" data-width=\"12\" data-bt-override-class=\"{&quot;bt_bb_align_&quot;:{&quot;current_class&quot;:&quot;bt_bb_align_center&quot;,&quot;def&quot;:&quot;center&quot;},&quot;bt_bb_padding_&quot;:{&quot;current_class&quot;:&quot;bt_bb_padding_15&quot;,&quot;def&quot;:&quot;15&quot;}}\"><div class=\"bt_bb_column_content\"><div class=\"bt_bb_column_content_inner\"><div data-bb-version=\"5.0.3\" class=\"bt_bb_separator_v2 bt_bb_border_style_none bt_bb_top_spacing_small bt_bb_bottom_spacing_small bt_bb_border_thickness_1 bt_bb_icon_size_normal bt_bb_text_size_normal bt_bb_separator_v2_without_content\" data-bt-override-class=\"{&quot;bt_bb_top_spacing_&quot;:{&quot;current_class&quot;:&quot;bt_bb_top_spacing_small&quot;,&quot;def&quot;:&quot;small&quot;},&quot;bt_bb_bottom_spacing_&quot;:{&quot;current_class&quot;:&quot;bt_bb_bottom_spacing_small&quot;,&quot;def&quot;:&quot;small&quot;},&quot;bt_bb_border_thickness_&quot;:{&quot;current_class&quot;:&quot;bt_bb_border_thickness_1&quot;,&quot;def&quot;:&quot;1&quot;},&quot;bt_bb_icon_size_&quot;:{&quot;current_class&quot;:&quot;bt_bb_icon_size_normal&quot;,&quot;def&quot;:&quot;normal&quot;},&quot;bt_bb_text_size_&quot;:{&quot;current_class&quot;:&quot;bt_bb_text_size_normal&quot;,&quot;def&quot;:&quot;normal&quot;}}\"><div class=\"bt_bb_separator_v2_inner\"><span class=\"bt_bb_separator_v2_inner_before\"><\/span><span class=\"bt_bb_separator_v2_inner_content\"><span  data-ico-=\"&#x;\" class=\"bt_bb_icon_holder\"><\/span><\/span><span class=\"bt_bb_separator_v2_inner_after\"><\/span><\/div><\/div><div data-bb-version=\"5.0.3\"  class=\"bt_bb_text\" ><\/p>\n<p style=\"text-align: left;\"><strong>POLITYKA PRYWATNO\u015aCI<\/strong><\/p>\n<p style=\"text-align: left;\">\u00a71 POSTANOWIENIA OG\u00d3LNE<br \/>\nPolityka okre\u015bla zasady ochrony i przetwarzania Danych Osobowych U\u017cytkownik\u00f3w i Wsp\u00f3\u0142pracownik\u00f3w BOTOCAR BOGDAN DUDEK przez Administratora Danych Osobowych (Operatora Serwisu) w zwi\u0105zku ze \u015bwiadczeniem przez niego us\u0142ug z zakresu dzia\u0142alno\u015bci portali internetowych, us\u0142ug w zakresie technologii informatycznych i komputerowych, dzia\u0142alno\u015bci us\u0142ugowej w zakresie informacji, dzia\u0142alno\u015bci wspomagaj\u0105cej us\u0142ugi finansowe, public relations, doradztwa w zakresie prowadzenia dzia\u0142alno\u015bci gospodarczej i zarz\u0105dzania, w tym r\u00f3wnie\u017c Serwisu www.kolorowyswiat-rzeszow.pl wraz ze wszystkimi jego funkcjonalno\u015bciami.\u00a72 DANE OSOBOWE PRZETWARZANE PRZEZ ADMINISTRATORA<br \/>\nU\u017cytkownik mo\u017ce poda\u0107 dane osobowe poprzez:<br \/>\n-Formularz kontaktowy<br \/>\n-Podaj\u0105c swoje dane ustnie podczas rozmowy telefonicznej<br \/>\n-Wysy\u0142aj\u0105c wiadomo\u015b\u0107 e-mail pod adres kontaktowy BOTOCAR BOGDAN DUDEK<br \/>\n-Pozosta\u0142e formularze udost\u0119pnione w Serwisie<\/p>\n<p style=\"text-align: left;\"><strong>POLITYKA COOKIES<\/strong><\/p>\n<p style=\"text-align: left;\">\u00a71 ZASADY OG\u00d3LNE<br \/>\nPolityka Cookies strony internetowej www.kolorowyswiat-rzeszow.pl jest skierowana do U\u017cytkownik\u00f3w tej strony oraz okre\u015bla spos\u00f3b korzystania z plik\u00f3w Cookies.<br \/>\nAdministratorem plik\u00f3w Cookies (dalej tak\u017ce: \u201eUs\u0142ugodawca\u201d) jest BOTOCAR BOGDAN DUDEK z siedzib\u0105 na ul. Boles\u0142awa Prusa 60A, 36-060 G\u0142og\u00f3w Ma\u0142opolski. Pliki Cookies (tzw. \u201eciasteczka\u201d) stanowi\u0105 dane informatyczne, w tym pliki tekstowe, kt\u00f3re przechowywane s\u0105 w urz\u0105dzeniu ko\u0144cowym U\u017cytkownika strony internetowej. Pliki Cookies zawieraj\u0105 nazw\u0119 strony internetowej, z kt\u00f3rej pochodz\u0105, czas przechowywania ich na urz\u0105dzeniu ko\u0144cowym oraz unikalny numer. Pliki Cookies zapami\u0119tuj\u0105 preferencje U\u017cytkownika. Umo\u017cliwia to podnoszenie jako\u015bci \u015bwiadczonych us\u0142ug, poprawianie wynik\u00f3w wyszukiwania i trafno\u015bci wy\u015bwietlanych informacji oraz \u015bledzenie preferencji U\u017cytkownika. U\u017cytkownik mo\u017ce zrezygnowa\u0107 z plik\u00f3w Cookies wybieraj\u0105c odpowiednie ustawienia w u\u017cywanej przez siebie przegl\u0105darce stron internetowych. Ustawienia te mog\u0105 zosta\u0107 zmienione w szczeg\u00f3lno\u015bci w taki spos\u00f3b, aby blokowa\u0107 automatyczn\u0105 obs\u0142ug\u0119 tych Plik\u00f3w w ustawieniach przegl\u0105darki internetowej b\u0105d\u017a informowa\u0107 o ich ka\u017cdorazowym zamieszczeniu w urz\u0105dzeniu U\u017cytkownika Serwisu. Szczeg\u00f3\u0142owe informacje o mo\u017cliwo\u015bci i sposobach obs\u0142ugi Plik\u00f3w Cookies dost\u0119pne s\u0105 w ustawieniach odpowiedniej przegl\u0105darki internetowej.<br \/>\nZgod\u0119 na przechowywanie lub uzyskiwanie dost\u0119pu do Plik\u00f3w Cookies przez BOTOCAR BOGDAN DUDEK na urz\u0105dzeniu U\u017cytkownika, U\u017cytkownik ten wyra\u017ca za pomoc\u0105 ustawie\u0144 przegl\u0105darki, kt\u00f3ra jest zainstalowana na urz\u0105dzeniu ko\u0144cowym U\u017cytkownika.<br \/>\nPodmiotem zamieszczaj\u0105cym na urz\u0105dzeniu ko\u0144cowym U\u017cytkownika strony internetowej Pliki Cookies oraz jednocze\u015bnie administratorem tych plik\u00f3w jest BOTOCAR BOGDAN DUDEK z siedzib\u0105 na ul. ul. Boles\u0142awa Prusa 60A, 36-060 G\u0142og\u00f3w Ma\u0142opolski.Pliki Cookies wykorzystywane s\u0105 w celu:<br \/>\n-dostosowania zawarto\u015bci strony internetowej BOTOCAR BOGDAN DUDEK do preferencji U\u017cytkownika oraz optymalizacji korzystania ze strony internetowej;<br \/>\n-tworzenia statystyk, kt\u00f3re pomagaj\u0105 zrozumie\u0107, w jaki spos\u00f3b U\u017cytkownicy korzystaj\u0105 ze strony internetowej BOTOCAR BOGDAN DUDEK, co umo\u017cliwia ulepszanie zawarto\u015bci strony;<br \/>\n-notowanie potencjalnych b\u0142\u0119d\u00f3w oraz reagowanie na nie;<br \/>\nW ramach strony internetowej stosowane s\u0105 nast\u0119puj\u0105ce rodzaje Plik\u00f3w Cookies, tj.:<br \/>\n-sesyjne, kt\u00f3re s\u0105 plikami tymczasowymi i przechowywane s\u0105 w urz\u0105dzeniu ko\u0144cowym U\u017cytkownika do czasu opuszczenia strony internetowej lub wy\u0142\u0105czenia oprogramowania;<br \/>\n-sta\u0142e, kt\u00f3re przechowywane s\u0105 w urz\u0105dzeniu ko\u0144cowym U\u017cytkownika przez czas okre\u015blony w parametrach Plik\u00f3w Cookies lub do czasu ich usuni\u0119cia przez U\u017cytkownika.<br \/>\nWarunkiem dzia\u0142ania Plik\u00f3w Cookies jest ich akceptacja w przegl\u0105darce oraz nieusuwanie ich. W wielu przypadkach oprogramowanie s\u0142u\u017c\u0105ce do przegl\u0105dania stron internetowych domy\u015blnie dopuszcza przechowywanie Plik\u00f3w Cookies w urz\u0105dzeniu ko\u0144cowym U\u017cytkownika. U\u017cytkownicy Serwisu mog\u0105 dokona\u0107 w ka\u017cdym czasie zmiany ustawie\u0144 dotycz\u0105cych plik\u00f3w cookies.<br \/>\nNasze Strony Internetowe mog\u0105 wykorzystywa\u0107 ciasteczka (Cookies), kt\u00f3re s\u0142u\u017c\u0105 identyfikacji przegl\u0105darki odwiedzaj\u0105cego podczas korzystania ze strony Administratora, aby Administrator widzia\u0142, jak\u0105 stron\u0119 wy\u015bwietli\u0107 odwiedzaj\u0105cemu. Ciasteczka pozwalaj\u0105 tak\u017ce dostosowywa\u0107 us\u0142ugi i tre\u015bci do indywidualnych potrzeb i preferencji U\u017cytkownik\u00f3w (w tym us\u0142ug\u0119 remarketingu), jak r\u00f3wnie\u017c s\u0142u\u017c\u0105 do opracowywania og\u00f3lnych statystyk dotycz\u0105cych korzystania przez odwiedzaj\u0105cych z Naszych Stron.<br \/>\nU\u017cytkownik mo\u017ce okre\u015bli\u0107 warunki wykorzystywania ciasteczek jak i ca\u0142kowicie wy\u0142\u0105czy\u0107 opcj\u0119 pozwalaj\u0105c\u0105 na zapisywanie plik\u00f3w cookies korzystaj\u0105c z ustawie\u0144 swojej przegl\u0105darki internetowej. Wy\u0142\u0105czenie w przegl\u0105darce internetowej opcji pozwalaj\u0105cej na zapisywanie plik\u00f3w \u201ecookies\u201d lub okre\u015blenie warunk\u00f3w ich wykorzystywania zasadniczo nie uniemo\u017cliwia korzystania z Naszych Stron, mo\u017ce jednak spowodowa\u0107 pewne utrudnienia. Aby zrezygnowa\u0107 z pliku cookie sieci Google nale\u017cy zrezygnowa\u0107 z us\u0142ug dostawcy zewn\u0119trznego Google na stronie Network Advertising.<br \/>\nWykorzystywanie Cookies nie powoduje zmian w U\u017cytkownika telekomunikacyjnym urz\u0105dzeniu ko\u0144cowym (tj. np. komputerze) jak i oprogramowaniu zainstalowanym w tym urz\u0105dzeniu. Ciasteczka nie zawieraj\u0105 \u017cadnych danych osobowych.<\/p>\n<p style=\"text-align: left;\">\u00a72 W JAKICH CELACH PRZETWARZANE S\u0104 DANE OSOBOWE?<br \/>\nDane Osobowe U\u017cytkownika s\u0105 przetwarzane w celu:<br \/>\n-Korzystania z funkcjonalno\u015bci Serwisu zgodnie z Regulaminem Serwisu.<br \/>\n-Kontaktu z U\u017cytkownikiem.<br \/>\n-Zawierania i wykonywania um\u00f3w z U\u017cytkownikiem.<br \/>\n-Przeprowadzenia konkurs\u00f3w Marketingowych, tj. do cel\u00f3w reklamy, badania rynku oraz zachowa\u0144 i preferencji U\u017cytkownik\u00f3w, z przeznaczeniem wynik\u00f3w tych bada\u0144 na potrzeby polepszenia jako\u015bci us\u0142ug \u015bwiadczonych przez Operatora Serwisu.<br \/>\n-Wysy\u0142ania U\u017cytkownikowi informacji handlowej dotycz\u0105cej us\u0142ug oferowanych przez Operatora Serwisu oraz przez podmioty z nim wsp\u00f3\u0142pracuj\u0105ce \u2013 je\u017celi U\u017cytkownik wyrazi na to zgod\u0119.<br \/>\nPonadto Dane Osobowe U\u017cytkownika mog\u0105 by\u0107 przetwarzane przez Administratora w celu:<br \/>\n-wysy\u0142ania do U\u017cytkownika informacji handlowej\u2013 je\u015bli U\u017cytkownik wyrazi na to zgod\u0119;<br \/>\n-marketingowych, tj. do cel\u00f3w reklamy, badania rynku oraz zachowa\u0144 i preferencji u\u017cytkownik\u00f3w, z przeznaczeniem wynik\u00f3w tych bada\u0144 na potrzeby polepszenia jako\u015bci us\u0142ug \u015bwiadczonych przez Administratora \u2013 je\u015bli U\u017cytkownik wyrazi na to zgod\u0119.<br \/>\nZgod\u0119, o kt\u00f3rej mowa w ust. 3, U\u017cytkownik mo\u017ce odwo\u0142a\u0107 w ka\u017cdym czasie poprzez wys\u0142anie e-maila na adres kolorowyswiat.rzeszow@gmail.com<br \/>\nPonadto, dane osobowe Wsp\u00f3\u0142pracownik\u00f3w s\u0105 przetwarzane w celu zawierania i wykonywania um\u00f3w.<\/p>\n<p style=\"text-align: left;\">\u00a73 KTO MO\u017bE MIE\u0106 DOST\u0118P DO DANYCH OSOBOWYCH?<br \/>\nDost\u0119p do Danych Osobowych U\u017cytkownika posiadaj\u0105:<br \/>\n-Administrator;<br \/>\n-Organy pa\u0144stwa na potrzeby prowadzone przez nich post\u0119powa\u0144, je\u017celi organy te s\u0105 do tego uprawnione na podstawie odr\u0119bnych przepis\u00f3w (np. prokuratura, s\u0105d, Policja, Rzecznik Praw Obywatelskich) oraz w innych sytuacjach, gdy zobowi\u0105zuj\u0105 Nas do tego bezwzgl\u0119dnie obowi\u0105zuj\u0105ce przepisy prawa;<br \/>\n-Pracownicy administratora oraz osoby lub podmioty \u015bwiadcz\u0105ce us\u0142ugi na jego rzecz (np. programi\u015bci, informatycy, administratorzy bezpiecze\u0144stwa, podmiot administruj\u0105cy i konserwuj\u0105cy system, doradcy finansowi, prowadz\u0105cy szkolenia) \u2013 w zakresie okre\u015blonym przez Administratora.<\/p>\n<p style=\"text-align: left;\">\u00a74 CO SI\u0118 DZIEJE Z DANYMI OSOBOWYMI, JE\u015aLI U\u017bYTKOWNIK ZAPRZESTANIE KORZYSTA\u0106 Z PORTALU WWW.KOLOROWYSWIAT-RZESZOW.PL?<br \/>\nCo do zasady Administrator nie usuwa Danych Osobowych U\u017cytkownika, chyba \u017ce otrzyma wyra\u017an\u0105 wiadomo\u015b\u0107, z pro\u015bb\u0105 o ich usuni\u0119cie.<br \/>\nWyj\u0105tkowo, zgodnie z obowi\u0105zuj\u0105cym prawem, Administrator mo\u017ce przetwarza\u0107 te spo\u015br\u00f3d Danych Osobowych, kt\u00f3re:<br \/>\n-s\u0105 niezb\u0119dne do rozliczenia Us\u0142ugi oraz dochodzenia roszcze\u0144 z tytu\u0142u p\u0142atno\u015bci za korzystanie z Us\u0142ugi. Rozliczenie Us\u0142ugi przedstawione U\u017cytkownikowi nie b\u0119dzie ujawnia\u0142o rodzaju, czasu trwania, cz\u0119stotliwo\u015bci i innych parametr\u00f3w technicznych poszczeg\u00f3lnych Us\u0142ug, z kt\u00f3rych korzysta\u0142, chyba \u017ce U\u017cytkownik za\u017c\u0105da\u0142 szczeg\u00f3\u0142owych informacji w tym zakresie;<br \/>\n-s\u0105 niezb\u0119dne do wyja\u015bnienia okoliczno\u015bci niedozwolonego korzystania z Us\u0142ug;<br \/>\n-s\u0105 dopuszczone do przetwarzania na podstawie odr\u0119bnych ustaw lub umowy;<br \/>\n-w przypadku danych eksploatacyjnych \u2013 s\u0105 niezb\u0119dne do wykrycia technicznych usterek i b\u0142\u0119d\u00f3w w transmisji przekaz\u00f3w.<br \/>\nAdministrator mo\u017ce przetwarza\u0107 Dane Osobowe U\u017cytkownika w zakresie niezb\u0119dnym do ustalenia odpowiedzialno\u015bci, z tym, \u017ce dla cel\u00f3w dowodowych Administrator obowi\u0105zany jest utrwali\u0107 fakt uzyskania oraz tre\u015b\u0107 wiadomo\u015bci o niedozwolonym korzystaniu z Us\u0142ug.<\/p>\n<p style=\"text-align: left;\">\u00a75 JAKIE U\u017bYTKOWNIK MA PRAWA ODNO\u015aNIE DO SWOICH DANYCH OSOBOWYCH?<br \/>\nU\u017cytkownik ma prawo \u017c\u0105da\u0107 usuni\u0119cia swoich danych osobowych. W tym celu nale\u017cy wys\u0142a\u0107 maila na adres: kolorowyswiat.rzeszow@gmail.com W okre\u015blonych przypadkach (gdy dane te s\u0105 niezb\u0119dne do korzystania z Us\u0142ug) takie \u017c\u0105danie jest r\u00f3wnoznaczne ze zg\u0142oszeniem zamiaru zako\u0144czenia korzystania z Us\u0142ug. U\u017cytkownik zostanie o tym fakcie poinformowany przed bezpowrotnym usuni\u0119ciem jego danych osobowych. Ponadto usuni\u0119cie niekt\u00f3rych danych mo\u017ce utrudni\u0107 korzystanie z niekt\u00f3rych Us\u0142ug (np. brak podania telefonu skutkowa\u0142 b\u0119dzie niemo\u017cno\u015bci\u0105 kontaktu telefonicznego).<br \/>\nU\u017cytkownik zawsze ma prawo \u017c\u0105da\u0107 dost\u0119pu do tre\u015bci swoich danych, ich uzupe\u0142nienia, zmiany lub usuni\u0119cia z zastrze\u017ceniem danych, do kt\u00f3rych przetwarzania pozostaniemy uprawnieni na mocy przepis\u00f3w prawa. Posiada tak\u017ce prawo \u017c\u0105dania ograniczenia przetwarzania oraz przenoszenia swoich danych osobowych. Dokona tego wysy\u0142aj\u0105c e-maila na adres: kolorowyswiat.rzeszow@gmail.com.<br \/>\nU\u017cytkownik zawsze ma tak\u017ce prawo do wniesienia skargi do organu nadzorczego (GIODO\/PUODO).<br \/>\nJe\u017celi przetwarzanie odbywa si\u0119 na podstawie zgody, w dowolnym momencie U\u017cytkownik ma prawo do jej wycofania bez wp\u0142ywu na zgodno\u015b\u0107 z prawem przetwarzania, kt\u00f3rego dokonano na podstawie zgody przed jej cofni\u0119ciem. Dokona tego wysy\u0142aj\u0105c e-maila na adres: kolorowyswiat.rzeszow@gmail.com Je\u017celi przetwarzanie odbywa si\u0119 na podstawie usprawiedliwionego celu administratora danych jakim jest marketing bezpo\u015bredni, U\u017cytkownik zawsze ma prawo wniesienie sprzeciwu, wobec tego przetwarzania. Dokona tego wysy\u0142aj\u0105c e-maila na adres: kolorowyswiat.rzeszow@gmail.com.<\/p>\n<p>\n<\/div><\/div><\/div><\/div><\/div><\/div><\/div><!-- cell_inner --><\/div><!-- cell --><\/div><!-- port --><\/section>\n","protected":false},"excerpt":{"rendered":"","protected":false},"author":1,"featured_media":0,"parent":7,"menu_order":0,"comment_status":"closed","ping_status":"closed","template":"","meta":{"footnotes":""},"class_list":["post-2881","page","type-page","status-publish","hentry"],"_links":{"self":[{"href":"https:\/\/kolorowyswiat-rzeszow.pl\/squash\/wp-json\/wp\/v2\/pages\/2881","targetHints":{"allow":["GET"]}}],"collection":[{"href":"https:\/\/kolorowyswiat-rzeszow.pl\/squash\/wp-json\/wp\/v2\/pages"}],"about":[{"href":"https:\/\/kolorowyswiat-rzeszow.pl\/squash\/wp-json\/wp\/v2\/types\/page"}],"author":[{"embeddable":true,"href":"https:\/\/kolorowyswiat-rzeszow.pl\/squash\/wp-json\/wp\/v2\/users\/1"}],"replies":[{"embeddable":true,"href":"https:\/\/kolorowyswiat-rzeszow.pl\/squash\/wp-json\/wp\/v2\/comments?post=2881"}],"version-history":[{"count":6,"href":"https:\/\/kolorowyswiat-rzeszow.pl\/squash\/wp-json\/wp\/v2\/pages\/2881\/revisions"}],"predecessor-version":[{"id":2952,"href":"https:\/\/kolorowyswiat-rzeszow.pl\/squash\/wp-json\/wp\/v2\/pages\/2881\/revisions\/2952"}],"up":[{"embeddable":true,"href":"https:\/\/kolorowyswiat-rzeszow.pl\/squash\/wp-json\/wp\/v2\/pages\/7"}],"wp:attachment":[{"href":"https:\/\/kolorowyswiat-rzeszow.pl\/squash\/wp-json\/wp\/v2\/media?parent=2881"}],"curies":[{"name":"wp","href":"https:\/\/api.w.org\/{rel}","templated":true}]}}