{"id":2826,"date":"2024-08-12T16:32:21","date_gmt":"2024-08-12T14:32:21","guid":{"rendered":"https:\/\/kolorowyswiat-rzeszow.pl\/squash\/?page_id=2826"},"modified":"2026-03-30T12:33:35","modified_gmt":"2026-03-30T10:33:35","slug":"dofinansowanie-kpo","status":"publish","type":"page","link":"https:\/\/kolorowyswiat-rzeszow.pl\/squash\/dofinansowanie-kpo\/","title":{"rendered":"DOFINANSOWANIE KPO"},"content":{"rendered":"<section data-bb-version=\"5.0.3\" id=\"bt_bb_section69f3f93bd0ab0\" class=\"bt_bb_section bt_bb_layout_boxed_1200 bt_bb_vertical_align_top bt_bb_top_spacing_large bt_bb_bottom_spacing_normal bt_bb_negative_margin_none\" style=\";background-color:rgb(34,41,99);\" data-bt-override-class=\"{&quot;bt_bb_top_spacing_&quot;:{&quot;current_class&quot;:&quot;bt_bb_top_spacing_large&quot;,&quot;def&quot;:&quot;large&quot;,&quot;lg&quot;:&quot;extra_large&quot;},&quot;bt_bb_bottom_spacing_&quot;:{&quot;current_class&quot;:&quot;bt_bb_bottom_spacing_normal&quot;,&quot;def&quot;:&quot;normal&quot;,&quot;md&quot;:&quot;none&quot;,&quot;sm&quot;:&quot;none&quot;,&quot;xs&quot;:&quot;none&quot;}}\"><div class=\"bt_bb_port\"><div class=\"bt_bb_cell\"><div class=\"bt_bb_cell_inner\"><div class=\"bt_bb_row \"  data-bt-override-class=\"{}\"><div class=\"bt_bb_row_holder\" ><div  class=\"bt_bb_column col-xxl-12 col-xl-12 col-xs-12 col-sm-12 col-md-12 col-lg-12 bt_bb_vertical_align_top bt_bb_align_center bt_bb_padding_normal bt_bb_animation_fade_in animate bt_bb_shape_inherit\" style=\"; --column-width:12;\" data-width=\"12\" data-bt-override-class=\"{&quot;bt_bb_align_&quot;:{&quot;current_class&quot;:&quot;bt_bb_align_center&quot;,&quot;def&quot;:&quot;center&quot;,&quot;xl&quot;:&quot;center&quot;},&quot;bt_bb_padding_&quot;:{&quot;current_class&quot;:&quot;bt_bb_padding_normal&quot;,&quot;def&quot;:&quot;normal&quot;,&quot;xl&quot;:&quot;normal&quot;}}\"><div class=\"bt_bb_column_content\"><div class=\"bt_bb_column_content_inner\"><div data-bb-version=\"5.0.3\" class=\"bt_bb_floating_image bt_bb_floating_image_horizontal_position_center bt_bb_floating_image_vertical_position_default bt_bb_floating_image_animation_delay_default bt_bb_floating_image_animation_duration_default bt_bb_floating_image_animation_style_ease_out bt_bb_floating_image_animation_direction_left_right\" data-speed=\"0.4\" data-direction=\"left_right\"><div class=\"bt_bb_floating_image_image\" data-speed=\"0.4\" data-direction=\"left_right\"><div class=\"bt_bb_image\" data-bt-override-class=\"{}\"><span><img decoding=\"async\" width=\"260\" height=\"40\" src=\"https:\/\/kolorowyswiat-rzeszow.pl\/squash\/wp-content\/uploads\/2024\/08\/Projekt-bez-nazwy-95.png\" class=\"attachment-full size-full\" alt=\"https:\/\/kolorowyswiat-rzeszow.pl\/squash\/wp-content\/uploads\/2024\/08\/Projekt-bez-nazwy-95.png\" data-full_image_src=\"https:\/\/kolorowyswiat-rzeszow.pl\/squash\/wp-content\/uploads\/2024\/08\/Projekt-bez-nazwy-95.png\" title=\"Projekt bez nazwy (95)\" loading=\"eager\" \/><\/span><\/div><\/div><\/div><div class=\"bt_bb_separator_v2 bt_bb_border_style_none bt_bb_color_scheme_15 bt_bb_top_spacing_none bt_bb_bottom_spacing_medium bt_bb_border_thickness_1 bt_bb_icon_size_normal bt_bb_text_size_normal bt_bb_separator_v2_without_content\" style=\"; --primary-color:var(--alternate-color); --secondary-color:var(--accent-color);\" data-bt-override-class=\"{&quot;bt_bb_top_spacing_&quot;:{&quot;current_class&quot;:&quot;bt_bb_top_spacing_none&quot;,&quot;def&quot;:&quot;none&quot;,&quot;xl&quot;:&quot;none&quot;},&quot;bt_bb_bottom_spacing_&quot;:{&quot;current_class&quot;:&quot;bt_bb_bottom_spacing_medium&quot;,&quot;def&quot;:&quot;medium&quot;,&quot;xl&quot;:&quot;medium&quot;},&quot;bt_bb_border_thickness_&quot;:{&quot;current_class&quot;:&quot;bt_bb_border_thickness_1&quot;,&quot;def&quot;:&quot;1&quot;,&quot;xl&quot;:&quot;1&quot;},&quot;bt_bb_icon_size_&quot;:{&quot;current_class&quot;:&quot;bt_bb_icon_size_normal&quot;,&quot;def&quot;:&quot;normal&quot;,&quot;xl&quot;:&quot;normal&quot;},&quot;bt_bb_text_size_&quot;:{&quot;current_class&quot;:&quot;bt_bb_text_size_normal&quot;,&quot;def&quot;:&quot;normal&quot;,&quot;xl&quot;:&quot;normal&quot;}}\"><div class=\"bt_bb_separator_v2_inner\"><span class=\"bt_bb_separator_v2_inner_before\"><\/span><span class=\"bt_bb_separator_v2_inner_content\"><span  data-ico-=\"&#x;\" class=\"bt_bb_icon_holder\"><\/span><\/span><span class=\"bt_bb_separator_v2_inner_after\"><\/span><\/div><\/div><header data-bb-version=\"5.0.3\" class=\"bt_bb_headline bt_bb_color_scheme_1 bt_bb_dash_none bt_bb_size_extralarge bt_bb_align_inherit\" style=\"; --primary-color:#ffffff; --secondary-color:#282828;\" data-bt-override-class=\"{&quot;bt_bb_size_&quot;:{&quot;current_class&quot;:&quot;bt_bb_size_extralarge&quot;,&quot;def&quot;:&quot;extralarge&quot;},&quot;bt_bb_align_&quot;:{&quot;current_class&quot;:&quot;bt_bb_align_inherit&quot;,&quot;def&quot;:&quot;inherit&quot;}}\"><h3 class=\"bt_bb_headline_tag\"><span class=\"bt_bb_headline_content\"><span>Dofinansowanie KPO<\/span><\/span><\/h3><\/header><div class=\"bt_bb_separator_v2 bt_bb_border_style_none bt_bb_top_spacing_none bt_bb_bottom_spacing_medium bt_bb_border_thickness_1 bt_bb_icon_size_normal bt_bb_text_size_normal bt_bb_separator_v2_without_content\" data-bt-override-class=\"{&quot;bt_bb_top_spacing_&quot;:{&quot;current_class&quot;:&quot;bt_bb_top_spacing_none&quot;,&quot;def&quot;:&quot;none&quot;,&quot;xl&quot;:&quot;none&quot;},&quot;bt_bb_bottom_spacing_&quot;:{&quot;current_class&quot;:&quot;bt_bb_bottom_spacing_medium&quot;,&quot;def&quot;:&quot;medium&quot;,&quot;xl&quot;:&quot;medium&quot;},&quot;bt_bb_border_thickness_&quot;:{&quot;current_class&quot;:&quot;bt_bb_border_thickness_1&quot;,&quot;def&quot;:&quot;1&quot;,&quot;xl&quot;:&quot;1&quot;},&quot;bt_bb_icon_size_&quot;:{&quot;current_class&quot;:&quot;bt_bb_icon_size_normal&quot;,&quot;def&quot;:&quot;normal&quot;,&quot;xl&quot;:&quot;normal&quot;},&quot;bt_bb_text_size_&quot;:{&quot;current_class&quot;:&quot;bt_bb_text_size_normal&quot;,&quot;def&quot;:&quot;normal&quot;,&quot;xl&quot;:&quot;normal&quot;}}\"><div class=\"bt_bb_separator_v2_inner\"><span class=\"bt_bb_separator_v2_inner_before\"><\/span><span class=\"bt_bb_separator_v2_inner_content\"><span  data-ico-=\"&#x;\" class=\"bt_bb_icon_holder\"><\/span><\/span><span class=\"bt_bb_separator_v2_inner_after\"><\/span><\/div><\/div><\/div><\/div><\/div><\/div><\/div><div data-bb-version=\"5.0.3\" class=\"bt_bb_row  bt_bb_shape_soft_rounded bt_bb_negative_margin_none\"  data-bt-override-class=\"{}\"><div class=\"bt_bb_row_holder\" ><div data-bb-version=\"5.0.3\"  class=\"bt_bb_column col-xxl-12 col-xl-12 col-xs-12 col-sm-12 col-md-12 col-lg-12 bt_bb_vertical_align_top bt_bb_align_center bt_bb_padding_15 bt_bb_animation_fade_in animate bt_bb_shape_soft-rounded\" style=\"background-color:rgb(255,255,255);; --column-width:12;\" data-width=\"12\" data-bt-override-class=\"{&quot;bt_bb_align_&quot;:{&quot;current_class&quot;:&quot;bt_bb_align_center&quot;,&quot;def&quot;:&quot;center&quot;},&quot;bt_bb_padding_&quot;:{&quot;current_class&quot;:&quot;bt_bb_padding_15&quot;,&quot;def&quot;:&quot;15&quot;}}\"><div class=\"bt_bb_column_content\"><div class=\"bt_bb_column_content_inner\"><div data-bb-version=\"5.0.3\" class=\"bt_bb_separator_v2 bt_bb_border_style_none bt_bb_top_spacing_small bt_bb_bottom_spacing_small bt_bb_border_thickness_1 bt_bb_icon_size_normal bt_bb_text_size_normal bt_bb_separator_v2_without_content\" data-bt-override-class=\"{&quot;bt_bb_top_spacing_&quot;:{&quot;current_class&quot;:&quot;bt_bb_top_spacing_small&quot;,&quot;def&quot;:&quot;small&quot;},&quot;bt_bb_bottom_spacing_&quot;:{&quot;current_class&quot;:&quot;bt_bb_bottom_spacing_small&quot;,&quot;def&quot;:&quot;small&quot;},&quot;bt_bb_border_thickness_&quot;:{&quot;current_class&quot;:&quot;bt_bb_border_thickness_1&quot;,&quot;def&quot;:&quot;1&quot;},&quot;bt_bb_icon_size_&quot;:{&quot;current_class&quot;:&quot;bt_bb_icon_size_normal&quot;,&quot;def&quot;:&quot;normal&quot;},&quot;bt_bb_text_size_&quot;:{&quot;current_class&quot;:&quot;bt_bb_text_size_normal&quot;,&quot;def&quot;:&quot;normal&quot;}}\"><div class=\"bt_bb_separator_v2_inner\"><span class=\"bt_bb_separator_v2_inner_before\"><\/span><span class=\"bt_bb_separator_v2_inner_content\"><span  data-ico-=\"&#x;\" class=\"bt_bb_icon_holder\"><\/span><\/span><span class=\"bt_bb_separator_v2_inner_after\"><\/span><\/div><\/div><div data-bb-version=\"5.0.3\" class=\"bt_bb_image bt_bb_shape_square bt_bb_target_self bt_bb_align_inherit bt_bb_hover_style_simple bt_bb_content_display_always bt_bb_content_align_middle bt_bb_right_negative_margin_none bt_bb_left_negative_margin_none\" data-bt-override-class=\"{&quot;bt_bb_align_&quot;:{&quot;current_class&quot;:&quot;bt_bb_align_inherit&quot;,&quot;def&quot;:&quot;inherit&quot;},&quot;bt_bb_content_display_&quot;:{&quot;current_class&quot;:&quot;bt_bb_content_display_always&quot;,&quot;def&quot;:&quot;always&quot;}}\"><span><img loading=\"lazy\" decoding=\"async\" width=\"768\" height=\"98\" src=\"https:\/\/kolorowyswiat-rzeszow.pl\/squash\/wp-content\/uploads\/2026\/03\/kpo-1-scaled-1-768x98.jpg\" class=\"attachment-medium_large size-medium_large\" alt=\"https:\/\/kolorowyswiat-rzeszow.pl\/squash\/wp-content\/uploads\/2026\/03\/kpo-1-scaled-1-768x98.jpg\" data-full_image_src=\"https:\/\/kolorowyswiat-rzeszow.pl\/squash\/wp-content\/uploads\/2026\/03\/kpo-1-scaled-1.jpg\" title=\"kpo-1-scaled\" srcset=\"https:\/\/kolorowyswiat-rzeszow.pl\/squash\/wp-content\/uploads\/2026\/03\/kpo-1-scaled-1-768x98.jpg 768w, https:\/\/kolorowyswiat-rzeszow.pl\/squash\/wp-content\/uploads\/2026\/03\/kpo-1-scaled-1-640x82.jpg 640w, https:\/\/kolorowyswiat-rzeszow.pl\/squash\/wp-content\/uploads\/2026\/03\/kpo-1-scaled-1-1280x164.jpg 1280w, https:\/\/kolorowyswiat-rzeszow.pl\/squash\/wp-content\/uploads\/2026\/03\/kpo-1-scaled-1-1536x197.jpg 1536w, https:\/\/kolorowyswiat-rzeszow.pl\/squash\/wp-content\/uploads\/2026\/03\/kpo-1-scaled-1-2048x262.jpg 2048w, https:\/\/kolorowyswiat-rzeszow.pl\/squash\/wp-content\/uploads\/2026\/03\/kpo-1-scaled-1-320x41.jpg 320w\" sizes=\"auto, (max-width: 768px) 100vw, 768px\" \/><\/span><\/div><div data-bb-version=\"5.0.3\" class=\"bt_bb_separator_v2 bt_bb_border_style_none bt_bb_top_spacing_small bt_bb_bottom_spacing_small bt_bb_border_thickness_1 bt_bb_icon_size_normal bt_bb_text_size_normal bt_bb_separator_v2_without_content\" data-bt-override-class=\"{&quot;bt_bb_top_spacing_&quot;:{&quot;current_class&quot;:&quot;bt_bb_top_spacing_small&quot;,&quot;def&quot;:&quot;small&quot;},&quot;bt_bb_bottom_spacing_&quot;:{&quot;current_class&quot;:&quot;bt_bb_bottom_spacing_small&quot;,&quot;def&quot;:&quot;small&quot;},&quot;bt_bb_border_thickness_&quot;:{&quot;current_class&quot;:&quot;bt_bb_border_thickness_1&quot;,&quot;def&quot;:&quot;1&quot;},&quot;bt_bb_icon_size_&quot;:{&quot;current_class&quot;:&quot;bt_bb_icon_size_normal&quot;,&quot;def&quot;:&quot;normal&quot;},&quot;bt_bb_text_size_&quot;:{&quot;current_class&quot;:&quot;bt_bb_text_size_normal&quot;,&quot;def&quot;:&quot;normal&quot;}}\"><div class=\"bt_bb_separator_v2_inner\"><span class=\"bt_bb_separator_v2_inner_before\"><\/span><span class=\"bt_bb_separator_v2_inner_content\"><span  data-ico-=\"&#x;\" class=\"bt_bb_icon_holder\"><\/span><\/span><span class=\"bt_bb_separator_v2_inner_after\"><\/span><\/div><\/div><div data-bb-version=\"5.0.3\"  class=\"bt_bb_text\" ><\/p>\n<p>BOTOCAR BOGDAN DUDEK<br \/>realizuje projekt dofinansowany z Krajowego Planu Odbudowy i Zwi\u0119kszania Odporno\u015bci (KPO) pt. \u201eWdro\u017cenie interaktywnej technologii<br \/>sportowej na 2 kortach do squasha w klubie \u201eKolorowy \u015awiat\u201d. Region 3, woj.<br \/>podkarpackie.\u201d<\/p>\n<p>Celem projektu jest zwi\u0119kszenie odporno\u015bci przedsi\u0119biorstwa poprzez rozszerzenie dotychczasowej dzia\u0142alno\u015bci.<\/p>\n<p>\u00a0<\/p>\n<p>GRUPY DOCELOWE: Obecni oraz nowi klienci.<\/p>\n<p>\u00a0<\/p>\n<p>Efektem projektu b\u0119dzie rozszerzenie oferty:<br \/>wprowadzenie innowacyjnej us\u0142ugi interaktywnej edukacji sportowej z wykorzystaniem technologii mieszanej rzeczywisto\u015bci,<br \/>zwi\u0119kszenie atrakcyjno\u015bci klubu,<br \/>poszerzenie grupy docelowej,<br \/>wzmocnienie odporno\u015bci firmy na sytuacje kryzysowe, takie jak zmiany rynkowe czy obostrzenia sanitarne<br \/>Termin realizacji:31-01-2026r.<br \/>Warto\u015b\u0107 projektu: 762 818,54\u00a0 PLN<br \/>Dofinansowanie projektu: 539 375,04 PLN<\/p>\n<p>\u00a0<\/p>\n<p>\n<\/div><\/div><\/div><\/div><\/div><\/div><div data-bb-version=\"5.0.3\" class=\"bt_bb_row \"  data-bt-override-class=\"{}\"><div class=\"bt_bb_row_holder\" ><div data-bb-version=\"5.0.3\"  class=\"bt_bb_column col-xxl-12 col-xl-12 col-xs-12 col-sm-12 col-md-12 col-lg-12 bt_bb_vertical_align_top bt_bb_align_left bt_bb_padding_normal bt_bb_shape_inherit\" style=\"; --column-width:12;\" data-width=\"12\" data-bt-override-class=\"{}\"><div class=\"bt_bb_column_content\"><div class=\"bt_bb_column_content_inner\"><\/div><\/div><\/div><\/div><\/div><\/div><!-- cell_inner --><\/div><!-- cell --><\/div><!-- port --><\/section>\n","protected":false},"excerpt":{"rendered":"","protected":false},"author":1,"featured_media":0,"parent":0,"menu_order":0,"comment_status":"closed","ping_status":"closed","template":"","meta":{"footnotes":""},"class_list":["post-2826","page","type-page","status-publish","hentry"],"_links":{"self":[{"href":"https:\/\/kolorowyswiat-rzeszow.pl\/squash\/wp-json\/wp\/v2\/pages\/2826","targetHints":{"allow":["GET"]}}],"collection":[{"href":"https:\/\/kolorowyswiat-rzeszow.pl\/squash\/wp-json\/wp\/v2\/pages"}],"about":[{"href":"https:\/\/kolorowyswiat-rzeszow.pl\/squash\/wp-json\/wp\/v2\/types\/page"}],"author":[{"embeddable":true,"href":"https:\/\/kolorowyswiat-rzeszow.pl\/squash\/wp-json\/wp\/v2\/users\/1"}],"replies":[{"embeddable":true,"href":"https:\/\/kolorowyswiat-rzeszow.pl\/squash\/wp-json\/wp\/v2\/comments?post=2826"}],"version-history":[{"count":22,"href":"https:\/\/kolorowyswiat-rzeszow.pl\/squash\/wp-json\/wp\/v2\/pages\/2826\/revisions"}],"predecessor-version":[{"id":3007,"href":"https:\/\/kolorowyswiat-rzeszow.pl\/squash\/wp-json\/wp\/v2\/pages\/2826\/revisions\/3007"}],"wp:attachment":[{"href":"https:\/\/kolorowyswiat-rzeszow.pl\/squash\/wp-json\/wp\/v2\/media?parent=2826"}],"curies":[{"name":"wp","href":"https:\/\/api.w.org\/{rel}","templated":true}]}}